{"id":3,"date":"2024-09-25T14:12:13","date_gmt":"2024-09-25T14:12:13","guid":{"rendered":"http:\/\/wenes.local\/?page_id=3"},"modified":"2026-04-08T14:39:33","modified_gmt":"2026-04-08T12:39:33","slug":"legal-notice","status":"publish","type":"page","link":"https:\/\/www.lestandmodulaire.com\/en\/mentions-legales\/","title":{"rendered":"Terms of use"},"content":{"rendered":"<div class='breakdance'><section class=\"bde-section-3-118 bde-section de-reading-time-content\">\n  \n  \n\t\n\n\n\n<div class=\"section-container\"><h1 class=\"bde-heading-3-106 bde-heading\">\nTERMS\n<\/h1><div class=\"bde-div-3-119 bde-div\">\n  \n  \n\t\n\n\n\n<div class=\"bde-columns-3-120 bde-columns\"><div class=\"bde-column-3-121 bde-column\">\n  \n  \n\t\n\n\n\n<div class=\"bde-rich-text-3-122 bde-rich-text breakdance-rich-text-styles\">\n<p><strong>Company name<\/strong> : LE STAND MODULAIRE<\/p><p><strong>Head office<\/strong>\u00a015 rue Marcelin Berthelot - 94140 Alfortville, France<\/p><p><strong>Legal form<\/strong>\u00a0SARL<\/p><p><strong>SIREN NO.<\/strong>\u00a0: 899 270 557<\/p><p><strong>Share capital<\/strong>\u00a0: 296 420,00\u00a0\u20ac<\/p><p><strong>Manager<\/strong>\u00a0Charline Prunier<\/p><p>In accordance with French law no. 2004-575 of June 21, 2004 on confidence in the digital economy, we inform you that the \"\u00a0<strong>www.lestandmodulaire.com<\/strong>\u00a0\"is the property of\u00a0<strong>WENES GROUP<\/strong>. It is hosted on the company's computer hardware.\u00a0<strong>SH-DIGITAL<\/strong>\u00a0whose registered office is :\u00a0<strong>67 avenue Pierre Grenier, 92100 Boulogne-Billancourt, France<\/strong>. Le site www.lestandmodulaire.com.com est r\u00e9gi par le droit fran\u00e7ais ; les visiteurs ayant acc\u00e8s au site de l\u2019\u00e9tranger, doivent s\u2019assurer du respect des lois localement applicables. Les mentions l\u00e9gales pouvant \u00eatre modifi\u00e9es \u00e0 tout moment et sans pr\u00e9avis, nous vous engageons \u00e0 les consulter r\u00e9guli\u00e8rement.<\/p><p><strong>INTELLECTUAL PROPERTY<\/strong><\/p><p><strong>WENES GROUP<\/strong>\u00a0holds, reserves and retains all property rights, in particular intellectual property rights, including reproduction rights on this site and the elements it contains. Consequently, any partial or total reproduction of this site and the elements it contains is strictly forbidden without written authorization from\u00a0<strong>WENES GROUP<\/strong>. The logos and all other distinctive signs contained on this site are the property of\u00a0<strong>WENES GROUP<\/strong>\u00a0or are subject to an authorization of use. No right or license may be assigned to any of these elements without the written authorization of\u00a0<strong>WENES GROUP<\/strong>\u00a0or third-party rights holder.<\/p><p><strong>EXCLUSION OF WARRANTY AND LIABILITY<\/strong><\/p><p>The user of the \"\u00a0<strong>www.lestandmodulaire.com.com<\/strong>\"acknowledges having read these terms of use and agrees to abide by them.\u00a0<strong>WENES GROUP<\/strong>\u00a0cannot be held responsible for any direct or indirect damage that may result from access to or use of the site and\/or this information, including inaccessibility, loss of data, deterioration, destruction or viruses that may affect the user's computer equipment and\/or the presence of viruses on its site. Although\u00a0<strong>WENES GROUP\u00a0<\/strong>strives to provide reliable content on its site, it does not guarantee that its content is free from inaccuracies or omissions and cannot be held responsible for errors or omissions, or for the unavailability of information and services.\u00a0<strong>WENES GROUP<\/strong>\u00a0reserves the right to make improvements and\/or changes to the content of its site at any time and without prior notice. Consequently, the user acknowledges that he\/she uses this information under his\/her sole responsibility.<\/p><p><strong>LINKS TO OTHER SITES<\/strong><\/p><p>The site may include links to other sites or other Internet sources. To the extent that\u00a0<strong>WENES GROUP<\/strong>\u00a0cannot control these external sites and sources,\u00a0<strong>WENES GROUP<\/strong>\u00a0cannot be held responsible for the availability of these external sites and sources, and therefore declines all responsibility for the content, advertising, products, services or any other material available on or from these external sites or sources. These links are offered to users of the\u00a0<strong>www.lestandmodulaire.com <\/strong>as a service. The decision to activate links is yours alone. We remind you that non-affiliated sites are subject to their own conditions of use.<\/p><p><strong>COOKIES<\/strong><\/p><p>During your visits, you are informed that a cookie may be automatically installed on your browser. This is a block of data which is not used for identification purposes, but which is used to record information relating to your browsing on the site. It is used to analyze the number of visitors to the site, to measure the audience and so on, in order to improve the quality of the site. You can deactivate cookies by following the instructions below:<\/p><p><strong>1\/ if you use Internet Explorer<\/strong><\/p><p>In Internet Explorer, click on the \"Tools\" button, then on \"Internet Options\". On the General tab, under \"Browsing History\", click on \"Settings\". Click on the \"Show files\" button. Click on the column heading \"Name to sort all files alphabetically\", then scroll down the list until you see files beginning with the prefix \"Cookie\" (all cookies have this prefix, and usually contain the name of the website that created the cookie). Select the cookie(s) containing the name \"<strong>WENES GROUP<\/strong>\"and delete them. Close the file list window, then double-click on \"OK\" to return to Internet Explorer.<\/p><p><strong>2\/ if you use Firefox<\/strong><\/p><p>Go to the browser's \"Tools\" tab, then select the \"Options\" menu. In the window that appears, select \"Privacy\" and click on \"Show cookies\". Locate files containing the name \"<strong>WENES GROUP<\/strong>\". Select and delete them.<\/p><p><strong>3\/ if you use the Safari browser<\/strong><\/p><p>In your browser, select the \"Edit Preferences\" menu. Click on \"Security\". Click on \"Show cookies\". Select the cookies containing the name \"\u00a0<strong>WENES GROUP<\/strong>\u00a0\"Click on \"Delete\" or \"Delete all\". Once you have deleted your cookies, click on \"Finish\".<\/p><p><strong>4\/ if you use Google Chrome<\/strong><\/p><p>Click on the \"Tools\" menu icon. Select \"Options\". Click on the \"Advanced Options\" tab and access the \"Privacy\" section. Click on the \"Show cookies\" button. Locate files containing the name \"<strong>WENES GROUP<\/strong>\". Select and delete them. Click \"Close\" to return to your browser. If you refuse cookies, certain services will no longer be accessible. You have the right to access, rectify or delete your personal data communicated by means of the \"cookie\" under the conditions indicated in the \u00a7 \"Information technology and civil liberties\".<\/p><p class=\"wp-block-heading\"><strong>Graphic design &amp; development :<\/strong><\/p><p>Elodie Maynard &amp; Audrey Prudhomme: Graphic design - Art direction<\/p><p><a href=\"https:\/\/www.steven-diai.fr\/\">Steven DIAI - Freelance webmaster<\/a><\/p><p><strong>Accommodation :\u00a0<\/strong><\/p><p><strong>Company name<\/strong> : SH-DIGITAL<\/p><p><strong>SIRET<\/strong> : 82189607300011<\/p><p><strong>Head office<\/strong> 67 avenue Pierre Grenier, 92100 Boulogne-Billancourt, France<\/p><p><strong>This site is protected by reCAPTCHA and the Google<\/strong><\/p><ul><li><a href=\"https:\/\/policies.google.com\/privacy\">Privacy Policy<\/a><\/li><li><a href=\"https:\/\/policies.google.com\/terms\">Terms<\/a><\/li><\/ul><p>\u00a0<\/p>\n<\/div>\n<\/div><\/div>\n<\/div><\/div>\n<\/section><\/div>","protected":false},"excerpt":{"rendered":"<p>MENTIONS L\u00c9GALES Raison sociale : LE STAND MODULAIRESi\u00e8ge social\u00a0: 15 rue Marcelin Berthelot \u2013 94140 AlfortvilleForme juridique\u00a0: SARLN\u00b0 SIREN\u00a0: 899 270 557Capital social\u00a0: 296 420,00\u00a0\u20acResponsable\u00a0: Charline PrunierConform\u00e9ment \u00e0 la loi n\u00b02004-575 du 21 juin 2004 pour la confiance dans l\u2019\u00e9conomie num\u00e9rique, nous vous informons que le site internet \u00ab\u00a0www.lestandmodulaire.com\u00a0\u00bb est la propri\u00e9t\u00e9 de\u00a0WENES GROUP. Il [&hellip;]<\/p>\n","protected":false},"author":1,"featured_media":0,"parent":0,"menu_order":0,"comment_status":"closed","ping_status":"closed","template":"","meta":{"_acf_changed":false,"_breakdance_hide_in_design_set":false,"_breakdance_tags":"","footnotes":""},"class_list":["post-3","page","type-page","status-publish","hentry"],"acf":[],"yoast_head":"<!-- This site is optimized with the Yoast SEO plugin v27.4 - https:\/\/yoast.com\/product\/yoast-seo-wordpress\/ -->\n<title>Mentions l\u00e9gales - Le Stand Modulaire<\/title>\n<meta name=\"description\" content=\"Consultez les mentions l\u00e9gales de notre site Le Stand Modulaire : informations l\u00e9gales, \u00e9diteur et h\u00e9bergement.\" \/>\n<meta name=\"robots\" content=\"index, follow, max-snippet:-1, max-image-preview:large, max-video-preview:-1\" \/>\n<link rel=\"canonical\" href=\"https:\/\/www.lestandmodulaire.com\/en\/legal-notice\/\" \/>\n<meta property=\"og:locale\" content=\"en_US\" \/>\n<meta property=\"og:type\" content=\"article\" \/>\n<meta property=\"og:title\" content=\"Mentions l\u00e9gales - Le Stand Modulaire\" \/>\n<meta property=\"og:description\" content=\"Consultez les mentions l\u00e9gales de notre site Le Stand Modulaire : informations l\u00e9gales, \u00e9diteur et h\u00e9bergement.\" \/>\n<meta property=\"og:url\" content=\"https:\/\/www.lestandmodulaire.com\/en\/legal-notice\/\" \/>\n<meta property=\"og:site_name\" content=\"Le Stand Modulaire\" \/>\n<meta property=\"article:modified_time\" content=\"2026-04-08T12:39:33+00:00\" \/>\n<meta name=\"twitter:card\" content=\"summary_large_image\" \/>\n<meta name=\"twitter:label1\" content=\"Est. reading time\" \/>\n\t<meta name=\"twitter:data1\" content=\"5 minutes\" \/>\n<script type=\"application\/ld+json\" class=\"yoast-schema-graph\">{\"@context\":\"https:\\\/\\\/schema.org\",\"@graph\":[{\"@type\":\"WebPage\",\"@id\":\"https:\\\/\\\/www.lestandmodulaire.com\\\/en\\\/mentions-legales\\\/\",\"url\":\"https:\\\/\\\/www.lestandmodulaire.com\\\/en\\\/mentions-legales\\\/\",\"name\":\"Mentions l\u00e9gales - Le Stand Modulaire\",\"isPartOf\":{\"@id\":\"https:\\\/\\\/www.lestandmodulaire.com\\\/en\\\/#website\"},\"datePublished\":\"2024-09-25T14:12:13+00:00\",\"dateModified\":\"2026-04-08T12:39:33+00:00\",\"description\":\"Consultez les mentions l\u00e9gales de notre site Le Stand Modulaire : informations l\u00e9gales, \u00e9diteur et h\u00e9bergement.\",\"breadcrumb\":{\"@id\":\"https:\\\/\\\/www.lestandmodulaire.com\\\/en\\\/mentions-legales\\\/#breadcrumb\"},\"inLanguage\":\"en-US\",\"potentialAction\":[{\"@type\":\"ReadAction\",\"target\":[\"https:\\\/\\\/www.lestandmodulaire.com\\\/en\\\/mentions-legales\\\/\"]}]},{\"@type\":\"BreadcrumbList\",\"@id\":\"https:\\\/\\\/www.lestandmodulaire.com\\\/en\\\/mentions-legales\\\/#breadcrumb\",\"itemListElement\":[{\"@type\":\"ListItem\",\"position\":1,\"name\":\"Home\",\"item\":\"https:\\\/\\\/www.lestandmodulaire.com\\\/\"},{\"@type\":\"ListItem\",\"position\":2,\"name\":\"Mentions l\u00e9gales\"}]},{\"@type\":\"WebSite\",\"@id\":\"https:\\\/\\\/www.lestandmodulaire.com\\\/en\\\/#website\",\"url\":\"https:\\\/\\\/www.lestandmodulaire.com\\\/en\\\/\",\"name\":\"Le Stand Modulaire\",\"description\":\"\",\"potentialAction\":[{\"@type\":\"SearchAction\",\"target\":{\"@type\":\"EntryPoint\",\"urlTemplate\":\"https:\\\/\\\/www.lestandmodulaire.com\\\/en\\\/?s={search_term_string}\"},\"query-input\":{\"@type\":\"PropertyValueSpecification\",\"valueRequired\":true,\"valueName\":\"search_term_string\"}}],\"inLanguage\":\"en-US\"}]}<\/script>\n<!-- \/ Yoast SEO plugin. -->","yoast_head_json":{"title":"Mentions l\u00e9gales - Le Stand Modulaire","description":"Consultez les mentions l\u00e9gales de notre site Le Stand Modulaire : informations l\u00e9gales, \u00e9diteur et h\u00e9bergement.","robots":{"index":"index","follow":"follow","max-snippet":"max-snippet:-1","max-image-preview":"max-image-preview:large","max-video-preview":"max-video-preview:-1"},"canonical":"https:\/\/www.lestandmodulaire.com\/en\/legal-notice\/","og_locale":"en_US","og_type":"article","og_title":"Mentions l\u00e9gales - Le Stand Modulaire","og_description":"Consultez les mentions l\u00e9gales de notre site Le Stand Modulaire : informations l\u00e9gales, \u00e9diteur et h\u00e9bergement.","og_url":"https:\/\/www.lestandmodulaire.com\/en\/legal-notice\/","og_site_name":"Le Stand Modulaire","article_modified_time":"2026-04-08T12:39:33+00:00","twitter_card":"summary_large_image","twitter_misc":{"Est. reading time":"5 minutes"},"schema":{"@context":"https:\/\/schema.org","@graph":[{"@type":"WebPage","@id":"https:\/\/www.lestandmodulaire.com\/en\/mentions-legales\/","url":"https:\/\/www.lestandmodulaire.com\/en\/mentions-legales\/","name":"Mentions l\u00e9gales - Le Stand Modulaire","isPartOf":{"@id":"https:\/\/www.lestandmodulaire.com\/en\/#website"},"datePublished":"2024-09-25T14:12:13+00:00","dateModified":"2026-04-08T12:39:33+00:00","description":"Consultez les mentions l\u00e9gales de notre site Le Stand Modulaire : informations l\u00e9gales, \u00e9diteur et h\u00e9bergement.","breadcrumb":{"@id":"https:\/\/www.lestandmodulaire.com\/en\/mentions-legales\/#breadcrumb"},"inLanguage":"en-US","potentialAction":[{"@type":"ReadAction","target":["https:\/\/www.lestandmodulaire.com\/en\/mentions-legales\/"]}]},{"@type":"BreadcrumbList","@id":"https:\/\/www.lestandmodulaire.com\/en\/mentions-legales\/#breadcrumb","itemListElement":[{"@type":"ListItem","position":1,"name":"Home","item":"https:\/\/www.lestandmodulaire.com\/"},{"@type":"ListItem","position":2,"name":"Mentions l\u00e9gales"}]},{"@type":"WebSite","@id":"https:\/\/www.lestandmodulaire.com\/en\/#website","url":"https:\/\/www.lestandmodulaire.com\/en\/","name":"The Modular Stand","description":"","potentialAction":[{"@type":"SearchAction","target":{"@type":"EntryPoint","urlTemplate":"https:\/\/www.lestandmodulaire.com\/en\/?s={search_term_string}"},"query-input":{"@type":"PropertyValueSpecification","valueRequired":true,"valueName":"search_term_string"}}],"inLanguage":"en-US"}]}},"_links":{"self":[{"href":"https:\/\/www.lestandmodulaire.com\/en\/wp-json\/wp\/v2\/pages\/3","targetHints":{"allow":["GET"]}}],"collection":[{"href":"https:\/\/www.lestandmodulaire.com\/en\/wp-json\/wp\/v2\/pages"}],"about":[{"href":"https:\/\/www.lestandmodulaire.com\/en\/wp-json\/wp\/v2\/types\/page"}],"author":[{"embeddable":true,"href":"https:\/\/www.lestandmodulaire.com\/en\/wp-json\/wp\/v2\/users\/1"}],"replies":[{"embeddable":true,"href":"https:\/\/www.lestandmodulaire.com\/en\/wp-json\/wp\/v2\/comments?post=3"}],"version-history":[{"count":13,"href":"https:\/\/www.lestandmodulaire.com\/en\/wp-json\/wp\/v2\/pages\/3\/revisions"}],"predecessor-version":[{"id":5337,"href":"https:\/\/www.lestandmodulaire.com\/en\/wp-json\/wp\/v2\/pages\/3\/revisions\/5337"}],"wp:attachment":[{"href":"https:\/\/www.lestandmodulaire.com\/en\/wp-json\/wp\/v2\/media?parent=3"}],"curies":[{"name":"wp","href":"https:\/\/api.w.org\/{rel}","templated":true}]}}